{"id":65,"date":"2025-08-19T19:29:01","date_gmt":"2025-08-19T16:29:01","guid":{"rendered":"https:\/\/www.senerotoelektronik.com\/?page_id=65"},"modified":"2025-08-19T19:38:21","modified_gmt":"2025-08-19T16:38:21","slug":"hizmetlerimiz","status":"publish","type":"page","link":"https:\/\/www.senerotoelektronik.com\/?page_id=65","title":{"rendered":"Hizmetlerimiz"},"content":{"rendered":"\n<p class=\"has-medium-font-size\">Firmam\u0131z, modern ara\u00e7larda kritik \u00f6neme sahip elektronik kontrol \u00fcnitelerinin bak\u0131m, onar\u0131m ve test s\u00fcre\u00e7lerinde uzmanla\u015fm\u0131\u015ft\u0131r. Deneyimli ekibimiz ve ileri seviye test ekipmanlar\u0131m\u0131zla, ara\u00e7 elektroni\u011finde y\u00fcksek kaliteli \u00e7\u00f6z\u00fcmler sunmaktay\u0131z.<\/p>\n\n\n\n<figure class=\"wp-block-image size-full\"><img decoding=\"async\" src=\"https:\/\/www.senerotoelektronik.com\/wp-content\/uploads\/2025\/08\/aracbeyin-tamiri-2.jpg\" alt=\"\" class=\"wp-image-80\"\/><\/figure>\n","protected":false},"excerpt":{"rendered":"<p>Firmam\u0131z, modern ara\u00e7larda kritik \u00f6neme sahip elektronik kontrol \u00fcnitelerinin bak\u0131m, onar\u0131m ve test s\u00fcre\u00e7lerinde uzmanla\u015fm\u0131\u015ft\u0131r. Deneyimli ekibimiz ve ileri seviye [&hellip;]<\/p>\n","protected":false},"author":2,"featured_media":0,"parent":0,"menu_order":0,"comment_status":"closed","ping_status":"closed","template":"","meta":{"site-sidebar-layout":"default","site-content-layout":"","ast-site-content-layout":"default","site-content-style":"default","site-sidebar-style":"default","ast-global-header-display":"","ast-banner-title-visibility":"","ast-main-header-display":"","ast-hfb-above-header-display":"","ast-hfb-below-header-display":"","ast-hfb-mobile-header-display":"","site-post-title":"","ast-breadcrumbs-content":"","ast-featured-img":"","footer-sml-layout":"","ast-disable-related-posts":"","theme-transparent-header-meta":"","adv-header-id-meta":"","stick-header-meta":"","header-above-stick-meta":"","header-main-stick-meta":"","header-below-stick-meta":"","astra-migrate-meta-layouts":"default","ast-page-background-enabled":"default","ast-page-background-meta":{"desktop":{"background-color":"var(--ast-global-color-5)","background-image":"","background-repeat":"repeat","background-position":"center center","background-size":"auto","background-attachment":"scroll","background-type":"","background-media":"","overlay-type":"","overlay-color":"","overlay-opacity":"","overlay-gradient":""},"tablet":{"background-color":"","background-image":"","background-repeat":"repeat","background-position":"center center","background-size":"auto","background-attachment":"scroll","background-type":"","background-media":"","overlay-type":"","overlay-color":"","overlay-opacity":"","overlay-gradient":""},"mobile":{"background-color":"","background-image":"","background-repeat":"repeat","background-position":"center center","background-size":"auto","background-attachment":"scroll","background-type":"","background-media":"","overlay-type":"","overlay-color":"","overlay-opacity":"","overlay-gradient":""}},"ast-content-background-meta":{"desktop":{"background-color":"var(--ast-global-color-4)","background-image":"","background-repeat":"repeat","background-position":"center center","background-size":"auto","background-attachment":"scroll","background-type":"","background-media":"","overlay-type":"","overlay-color":"","overlay-opacity":"","overlay-gradient":""},"tablet":{"background-color":"var(--ast-global-color-4)","background-image":"","background-repeat":"repeat","background-position":"center center","background-size":"auto","background-attachment":"scroll","background-type":"","background-media":"","overlay-type":"","overlay-color":"","overlay-opacity":"","overlay-gradient":""},"mobile":{"background-color":"var(--ast-global-color-4)","background-image":"","background-repeat":"repeat","background-position":"center center","background-size":"auto","background-attachment":"scroll","background-type":"","background-media":"","overlay-type":"","overlay-color":"","overlay-opacity":"","overlay-gradient":""}},"footnotes":""},"class_list":["post-65","page","type-page","status-publish","hentry"],"_links":{"self":[{"href":"https:\/\/www.senerotoelektronik.com\/index.php?rest_route=\/wp\/v2\/pages\/65","targetHints":{"allow":["GET"]}}],"collection":[{"href":"https:\/\/www.senerotoelektronik.com\/index.php?rest_route=\/wp\/v2\/pages"}],"about":[{"href":"https:\/\/www.senerotoelektronik.com\/index.php?rest_route=\/wp\/v2\/types\/page"}],"author":[{"embeddable":true,"href":"https:\/\/www.senerotoelektronik.com\/index.php?rest_route=\/wp\/v2\/users\/2"}],"replies":[{"embeddable":true,"href":"https:\/\/www.senerotoelektronik.com\/index.php?rest_route=%2Fwp%2Fv2%2Fcomments&post=65"}],"version-history":[{"count":4,"href":"https:\/\/www.senerotoelektronik.com\/index.php?rest_route=\/wp\/v2\/pages\/65\/revisions"}],"predecessor-version":[{"id":81,"href":"https:\/\/www.senerotoelektronik.com\/index.php?rest_route=\/wp\/v2\/pages\/65\/revisions\/81"}],"wp:attachment":[{"href":"https:\/\/www.senerotoelektronik.com\/index.php?rest_route=%2Fwp%2Fv2%2Fmedia&parent=65"}],"curies":[{"name":"wp","href":"https:\/\/api.w.org\/{rel}","templated":true}]}}