{"id":34,"date":"2025-08-19T14:13:23","date_gmt":"2025-08-19T11:13:23","guid":{"rendered":"http:\/\/www.senerotoelektronik.com\/?page_id=34"},"modified":"2025-08-20T11:16:07","modified_gmt":"2025-08-20T08:16:07","slug":"hos-geldiniz","status":"publish","type":"page","link":"https:\/\/www.senerotoelektronik.com\/","title":{"rendered":"Ho\u015f geldiniz"},"content":{"rendered":"\n<h2 class=\"wp-block-heading has-text-align-center\">Oto Kontrol \u00dcniteleri Onar\u0131m Merkezi<\/h2>\n\n\n\n<h3 class=\"wp-block-heading has-text-align-center\">Ba\u015fl\u0131ca Hizmetlerimiz<\/h3>\n\n\n\n<div class=\"wp-block-columns alignfull are-vertically-aligned-top is-layout-flex wp-container-core-columns-is-layout-28f84493 wp-block-columns-is-layout-flex\">\n<div class=\"wp-block-column is-vertically-aligned-top is-layout-flow wp-block-column-is-layout-flow\">\n<p class=\"has-medium-font-size\"><strong>Motor Beyni ECU<\/strong><\/p>\n\n\n\n<p class=\"has-medium-font-size\"><strong>\u015eanz\u0131man Beyni<\/strong><\/p>\n\n\n\n<p class=\"has-medium-font-size\"><strong>ABS Beyni<\/strong><\/p>\n\n\n\n<p class=\"has-medium-font-size\"><strong>Elektronik Kart Tamiri<\/strong><\/p>\n\n\n\n<p class=\"has-medium-font-size\"><strong>SAMM Beyni<\/strong><\/p>\n<\/div>\n\n\n\n<div class=\"wp-block-column is-vertically-aligned-top is-layout-flow wp-block-column-is-layout-flow\">\n<p class=\"has-medium-font-size\"><strong>Turbo VGT Veskiyet Beyni<\/strong><\/p>\n\n\n\n<p class=\"has-medium-font-size\"><strong>Retarder Beyni<\/strong><\/p>\n\n\n\n<p class=\"has-medium-font-size\"><strong>G\u00f6vde Kontrol Beyni<\/strong> <\/p>\n\n\n\n<p class=\"has-medium-font-size\"><strong>ESP Direksiyon A\u00e7\u0131 Sens\u00f6r\u00fc<\/strong><\/p>\n\n\n\n<p class=\"has-medium-font-size\"><strong>ZR32-A  MUX-A<\/strong><\/p>\n<\/div>\n<\/div>\n\n\n\n<figure class=\"wp-block-image alignfull size-full is-style-rounded\"><img decoding=\"async\" src=\"https:\/\/www.senerotoelektronik.com\/wp-content\/uploads\/2025\/08\/aracbeyin-tamiri-4.jpg\" alt=\"\" class=\"wp-image-88\"\/><\/figure>\n\n\n\n<p>Alan\u0131nda uzman ve sertifikal\u0131 teknisyenlerimizle g\u00fcvenilir hizmet sunuyoruz. Sorunlu ECU&#8217;lar, \u015fanz\u0131man ve motor beyinleri, ESP sens\u00f6rleri ve kartlar\u0131 i\u00e7in g\u00fcvenilir adresiniz biziz.<\/p>\n\n\n\n<p>Detayl\u0131 bilgi ve randevu i\u00e7in l\u00fctfen bizimle ileti\u015fime ge\u00e7in.<\/p>\n\n\n\n<p><\/p>\n\n\n\n<p><\/p>\n","protected":false},"excerpt":{"rendered":"<p>Oto Kontrol \u00dcniteleri Onar\u0131m Merkezi Ba\u015fl\u0131ca Hizmetlerimiz Motor Beyni ECU \u015eanz\u0131man Beyni ABS Beyni Elektronik Kart Tamiri SAMM Beyni Turbo [&hellip;]<\/p>\n","protected":false},"author":1,"featured_media":0,"parent":0,"menu_order":0,"comment_status":"closed","ping_status":"closed","template":"","meta":{"site-sidebar-layout":"default","site-content-layout":"","ast-site-content-layout":"default","site-content-style":"default","site-sidebar-style":"default","ast-global-header-display":"","ast-banner-title-visibility":"","ast-main-header-display":"","ast-hfb-above-header-display":"","ast-hfb-below-header-display":"","ast-hfb-mobile-header-display":"","site-post-title":"disabled","ast-breadcrumbs-content":"","ast-featured-img":"disabled","footer-sml-layout":"","ast-disable-related-posts":"","theme-transparent-header-meta":"","adv-header-id-meta":"","stick-header-meta":"","header-above-stick-meta":"","header-main-stick-meta":"","header-below-stick-meta":"","astra-migrate-meta-layouts":"default","ast-page-background-enabled":"default","ast-page-background-meta":{"desktop":{"background-color":"var(--ast-global-color-5)","background-image":"","background-repeat":"repeat","background-position":"center center","background-size":"auto","background-attachment":"scroll","background-type":"","background-media":"","overlay-type":"","overlay-color":"","overlay-opacity":"","overlay-gradient":""},"tablet":{"background-color":"","background-image":"","background-repeat":"repeat","background-position":"center center","background-size":"auto","background-attachment":"scroll","background-type":"","background-media":"","overlay-type":"","overlay-color":"","overlay-opacity":"","overlay-gradient":""},"mobile":{"background-color":"","background-image":"","background-repeat":"repeat","background-position":"center center","background-size":"auto","background-attachment":"scroll","background-type":"","background-media":"","overlay-type":"","overlay-color":"","overlay-opacity":"","overlay-gradient":""}},"ast-content-background-meta":{"desktop":{"background-color":"var(--ast-global-color-4)","background-image":"","background-repeat":"repeat","background-position":"center center","background-size":"auto","background-attachment":"scroll","background-type":"","background-media":"","overlay-type":"","overlay-color":"","overlay-opacity":"","overlay-gradient":""},"tablet":{"background-color":"var(--ast-global-color-4)","background-image":"","background-repeat":"repeat","background-position":"center center","background-size":"auto","background-attachment":"scroll","background-type":"","background-media":"","overlay-type":"","overlay-color":"","overlay-opacity":"","overlay-gradient":""},"mobile":{"background-color":"var(--ast-global-color-4)","background-image":"","background-repeat":"repeat","background-position":"center center","background-size":"auto","background-attachment":"scroll","background-type":"","background-media":"","overlay-type":"","overlay-color":"","overlay-opacity":"","overlay-gradient":""}},"footnotes":""},"class_list":["post-34","page","type-page","status-publish","hentry"],"_links":{"self":[{"href":"https:\/\/www.senerotoelektronik.com\/index.php?rest_route=\/wp\/v2\/pages\/34","targetHints":{"allow":["GET"]}}],"collection":[{"href":"https:\/\/www.senerotoelektronik.com\/index.php?rest_route=\/wp\/v2\/pages"}],"about":[{"href":"https:\/\/www.senerotoelektronik.com\/index.php?rest_route=\/wp\/v2\/types\/page"}],"author":[{"embeddable":true,"href":"https:\/\/www.senerotoelektronik.com\/index.php?rest_route=\/wp\/v2\/users\/1"}],"replies":[{"embeddable":true,"href":"https:\/\/www.senerotoelektronik.com\/index.php?rest_route=%2Fwp%2Fv2%2Fcomments&post=34"}],"version-history":[{"count":16,"href":"https:\/\/www.senerotoelektronik.com\/index.php?rest_route=\/wp\/v2\/pages\/34\/revisions"}],"predecessor-version":[{"id":100,"href":"https:\/\/www.senerotoelektronik.com\/index.php?rest_route=\/wp\/v2\/pages\/34\/revisions\/100"}],"wp:attachment":[{"href":"https:\/\/www.senerotoelektronik.com\/index.php?rest_route=%2Fwp%2Fv2%2Fmedia&parent=34"}],"curies":[{"name":"wp","href":"https:\/\/api.w.org\/{rel}","templated":true}]}}